{"id":13,"date":"2026-01-23T01:38:14","date_gmt":"2026-01-23T01:38:14","guid":{"rendered":"https:\/\/ateliertfm.com\/?page_id=13"},"modified":"2026-01-26T16:02:33","modified_gmt":"2026-01-26T16:02:33","slug":"atelier-tfm-inc","status":"publish","type":"page","link":"https:\/\/ateliertfm.com\/","title":{"rendered":"Orient\u00e9s vers la perfection"},"content":{"rendered":"\n<div class=\"wp-block-group alignfull has-global-padding is-layout-constrained wp-container-core-group-is-layout-0c9c989a wp-block-group-is-layout-constrained\" style=\"min-height:0vh;margin-top:0;margin-bottom:0;padding-top:var(--wp--preset--spacing--70);padding-right:var(--wp--preset--spacing--40);padding-bottom:var(--wp--preset--spacing--70);padding-left:var(--wp--preset--spacing--40)\">\n<div class=\"wp-block-group has-global-padding is-layout-constrained wp-container-core-group-is-layout-346627ba wp-block-group-is-layout-constrained\">\n<p class=\"has-text-align-left is-style-text-subtitle has-large-font-size is-style-text-subtitle--1\">Sp\u00e9cialistes en peinture \u00e9lectrostatique, nous pla\u00e7ons la qualit\u00e9 au coeur de notre mission afin de r\u00e9pondre aux besoins des clients commerciaux et particuliers les plus exigeants.<\/p>\n\n\n\n<p class=\"has-large-font-size\">Nous offrons une gamme compl\u00e8te de services, incluant le rev\u00eatement c\u00e9ramique ainsi que la r\u00e9paration et le redressement de roues. Notre savoir-faire s&rsquo;\u00e9tend \u00e9galement au nettoyage au jet de sable et a la vapeur, ainsi qu&rsquo;\u00e0 la restauration automobile.<\/p>\n\n\n\n<p class=\"is-style-default has-large-font-size\">Faites-nous confiance pour transformer vos projets en v\u00e9ritable oeuvres d&rsquo;art gr\u00e2ce \u00e0 un travail haut de gamme qui saura d\u00e9passer vos attentes!<\/p>\n<\/div>\n<\/div>\n\n\n\n<div class=\"wp-block-group alignfull has-global-padding is-layout-constrained wp-container-core-group-is-layout-68e16fb9 wp-block-group-is-layout-constrained\" style=\"margin-top:0;margin-bottom:0;padding-top:var(--wp--preset--spacing--50);padding-bottom:var(--wp--preset--spacing--50)\">\n<h2 class=\"wp-block-heading alignwide\">Nos Cr\u00e9ations<\/h2>\n\n\n\n<figure class=\"wp-block-gallery has-nested-images columns-4 is-cropped wp-block-gallery-2 is-layout-flex wp-block-gallery-is-layout-flex\">\n<figure class=\"wp-block-image size-full\"><img loading=\"lazy\" decoding=\"async\" width=\"320\" height=\"428\" data-id=\"15\" src=\"https:\/\/ateliertfm.com\/wp-content\/uploads\/2026\/01\/photo-9.png\" alt=\"\" class=\"wp-image-15\" srcset=\"https:\/\/ateliertfm.com\/wp-content\/uploads\/2026\/01\/photo-9.png 320w, https:\/\/ateliertfm.com\/wp-content\/uploads\/2026\/01\/photo-9-224x300.png 224w\" sizes=\"auto, (max-width: 320px) 100vw, 320px\" \/><\/figure>\n\n\n\n<figure class=\"wp-block-image size-full\"><img loading=\"lazy\" decoding=\"async\" width=\"287\" height=\"437\" data-id=\"16\" src=\"https:\/\/ateliertfm.com\/wp-content\/uploads\/2026\/01\/photo-11.png\" alt=\"\" class=\"wp-image-16\" srcset=\"https:\/\/ateliertfm.com\/wp-content\/uploads\/2026\/01\/photo-11.png 287w, https:\/\/ateliertfm.com\/wp-content\/uploads\/2026\/01\/photo-11-197x300.png 197w\" sizes=\"auto, (max-width: 287px) 100vw, 287px\" \/><\/figure>\n\n\n\n<figure class=\"wp-block-image size-full\"><img loading=\"lazy\" decoding=\"async\" width=\"299\" height=\"361\" data-id=\"17\" src=\"https:\/\/ateliertfm.com\/wp-content\/uploads\/2026\/01\/photo-8.png\" alt=\"\" class=\"wp-image-17\" srcset=\"https:\/\/ateliertfm.com\/wp-content\/uploads\/2026\/01\/photo-8.png 299w, https:\/\/ateliertfm.com\/wp-content\/uploads\/2026\/01\/photo-8-248x300.png 248w\" sizes=\"auto, (max-width: 299px) 100vw, 299px\" \/><\/figure>\n\n\n\n<figure class=\"wp-block-image size-full\"><img loading=\"lazy\" decoding=\"async\" width=\"389\" height=\"475\" data-id=\"18\" src=\"https:\/\/ateliertfm.com\/wp-content\/uploads\/2026\/01\/photo-7.png\" alt=\"\" class=\"wp-image-18\" srcset=\"https:\/\/ateliertfm.com\/wp-content\/uploads\/2026\/01\/photo-7.png 389w, https:\/\/ateliertfm.com\/wp-content\/uploads\/2026\/01\/photo-7-246x300.png 246w\" sizes=\"auto, (max-width: 389px) 100vw, 389px\" \/><\/figure>\n\n\n\n<figure class=\"wp-block-image size-full\"><img loading=\"lazy\" decoding=\"async\" width=\"689\" height=\"317\" data-id=\"25\" src=\"https:\/\/ateliertfm.com\/wp-content\/uploads\/2026\/01\/photo-10.png\" alt=\"\" class=\"wp-image-25\" srcset=\"https:\/\/ateliertfm.com\/wp-content\/uploads\/2026\/01\/photo-10.png 689w, https:\/\/ateliertfm.com\/wp-content\/uploads\/2026\/01\/photo-10-300x138.png 300w\" sizes=\"auto, (max-width: 689px) 100vw, 689px\" \/><\/figure>\n\n\n\n<figure class=\"wp-block-image size-full\"><img loading=\"lazy\" decoding=\"async\" width=\"550\" height=\"464\" data-id=\"22\" src=\"https:\/\/ateliertfm.com\/wp-content\/uploads\/2026\/01\/photo-5.png\" alt=\"\" class=\"wp-image-22\" srcset=\"https:\/\/ateliertfm.com\/wp-content\/uploads\/2026\/01\/photo-5.png 550w, https:\/\/ateliertfm.com\/wp-content\/uploads\/2026\/01\/photo-5-300x253.png 300w\" sizes=\"auto, (max-width: 550px) 100vw, 550px\" \/><\/figure>\n\n\n\n<figure class=\"wp-block-image size-full\"><img loading=\"lazy\" decoding=\"async\" width=\"355\" height=\"437\" data-id=\"19\" src=\"https:\/\/ateliertfm.com\/wp-content\/uploads\/2026\/01\/photo-4.png\" alt=\"\" class=\"wp-image-19\" srcset=\"https:\/\/ateliertfm.com\/wp-content\/uploads\/2026\/01\/photo-4.png 355w, https:\/\/ateliertfm.com\/wp-content\/uploads\/2026\/01\/photo-4-244x300.png 244w\" sizes=\"auto, (max-width: 355px) 100vw, 355px\" \/><\/figure>\n\n\n\n<figure class=\"wp-block-image size-full\"><img loading=\"lazy\" decoding=\"async\" width=\"352\" height=\"468\" data-id=\"20\" src=\"https:\/\/ateliertfm.com\/wp-content\/uploads\/2026\/01\/photo-3.png\" alt=\"\" class=\"wp-image-20\" srcset=\"https:\/\/ateliertfm.com\/wp-content\/uploads\/2026\/01\/photo-3.png 352w, https:\/\/ateliertfm.com\/wp-content\/uploads\/2026\/01\/photo-3-226x300.png 226w\" sizes=\"auto, (max-width: 352px) 100vw, 352px\" \/><\/figure>\n\n\n\n<figure class=\"wp-block-image size-full\"><img loading=\"lazy\" decoding=\"async\" width=\"782\" height=\"463\" data-id=\"21\" src=\"https:\/\/ateliertfm.com\/wp-content\/uploads\/2026\/01\/photo-6.png\" alt=\"\" class=\"wp-image-21\" srcset=\"https:\/\/ateliertfm.com\/wp-content\/uploads\/2026\/01\/photo-6.png 782w, https:\/\/ateliertfm.com\/wp-content\/uploads\/2026\/01\/photo-6-300x178.png 300w, https:\/\/ateliertfm.com\/wp-content\/uploads\/2026\/01\/photo-6-768x455.png 768w\" sizes=\"auto, (max-width: 782px) 100vw, 782px\" \/><\/figure>\n\n\n\n<figure class=\"wp-block-image size-full\"><img loading=\"lazy\" decoding=\"async\" width=\"608\" height=\"459\" data-id=\"24\" src=\"https:\/\/ateliertfm.com\/wp-content\/uploads\/2026\/01\/photo-2.png\" alt=\"\" class=\"wp-image-24\" srcset=\"https:\/\/ateliertfm.com\/wp-content\/uploads\/2026\/01\/photo-2.png 608w, https:\/\/ateliertfm.com\/wp-content\/uploads\/2026\/01\/photo-2-300x226.png 300w\" sizes=\"auto, (max-width: 608px) 100vw, 608px\" \/><\/figure>\n\n\n\n<figure class=\"wp-block-image size-full\"><img loading=\"lazy\" decoding=\"async\" width=\"663\" height=\"413\" data-id=\"23\" src=\"https:\/\/ateliertfm.com\/wp-content\/uploads\/2026\/01\/photo.png\" alt=\"\" class=\"wp-image-23\" srcset=\"https:\/\/ateliertfm.com\/wp-content\/uploads\/2026\/01\/photo.png 663w, https:\/\/ateliertfm.com\/wp-content\/uploads\/2026\/01\/photo-300x187.png 300w\" sizes=\"auto, (max-width: 663px) 100vw, 663px\" \/><\/figure>\n<\/figure>\n<\/div>\n\n\n\n<aside class=\"wp-block-group alignfull is-style-default has-contrast-color has-base-background-color has-text-color has-background has-link-color wp-elements-c3478231bbe966c1f2830ee95c66c5df is-nowrap is-layout-flex wp-container-core-group-is-layout-cec41bb0 wp-block-group-is-layout-flex\" style=\"margin-top:0;margin-bottom:0;padding-top:var(--wp--preset--spacing--50);padding-right:var(--wp--preset--spacing--50);padding-bottom:var(--wp--preset--spacing--50);padding-left:var(--wp--preset--spacing--50)\">\n<div class=\"wp-block-group has-global-padding is-layout-constrained wp-block-group-is-layout-constrained\">\n<div class=\"wp-block-group has-global-padding is-layout-constrained wp-block-group-is-layout-constrained\">\n<div class=\"wp-block-group is-nowrap is-layout-flex wp-container-core-group-is-layout-6c531013 wp-block-group-is-layout-flex\"><\/div>\n<\/div>\n<\/div>\n\n\n\n<div class=\"wp-block-columns is-layout-flex wp-container-core-columns-is-layout-28f84493 wp-block-columns-is-layout-flex\">\n<div class=\"wp-block-column is-layout-flow wp-block-column-is-layout-flow\" style=\"flex-basis:100%\">\n<div class=\"wp-block-group has-global-padding is-layout-constrained wp-block-group-is-layout-constrained\">\n<div class=\"wp-block-group has-global-padding is-layout-constrained wp-block-group-is-layout-constrained\">\n<div class=\"wp-block-group has-global-padding is-content-justification-left is-layout-constrained wp-container-core-group-is-layout-12dd3699 wp-block-group-is-layout-constrained\">\n<div class=\"wp-block-group has-global-padding is-content-justification-left is-layout-constrained wp-container-core-group-is-layout-12dd3699 wp-block-group-is-layout-constrained\">\n<div class=\"wp-block-group is-vertical is-layout-flex wp-container-core-group-is-layout-fe9cc265 wp-block-group-is-layout-flex\">\n<p class=\"has-text-align-left has-xx-large-font-size\"><strong>Heures d&rsquo;ouverture<\/strong><\/p>\n\n\n\n<div class=\"wp-block-group has-global-padding is-layout-constrained wp-block-group-is-layout-constrained\">\n<div class=\"wp-block-group has-global-padding is-layout-constrained wp-block-group-is-layout-constrained\">\n<p class=\"has-text-align-left\">Du Lundi au Vendredi<\/p>\n\n\n\n<p class=\"has-text-align-left\">De 9h00 \u00e0 18h00<\/p>\n<\/div>\n<\/div>\n<\/div>\n<\/div>\n<\/div>\n<\/div>\n<\/div>\n<\/div>\n<\/div>\n<\/aside>\n\n\n\n<div class=\"wp-block-group alignfull is-layout-flow wp-block-group-is-layout-flow\">\n<p class=\"has-text-align-center has-x-large-font-size\"><strong>Nous Contacter<\/strong><\/p>\n\n\n\n<p class=\"has-text-align-center has-large-font-size\"><a href=\"mailto:info@ateliertfm.com\">info@ateliertfm.com<\/a><\/p>\n\n\n\n<p class=\"has-text-align-center has-large-font-size\">(514)291-7660<\/p>\n\n\n\n<p class=\"has-text-align-center has-large-font-size\"><\/p>\n<\/div>\n\n\n\n<p><\/p>\n","protected":false},"excerpt":{"rendered":"<p>Sp\u00e9cialistes en peinture \u00e9lectrostatique, nous pla\u00e7ons la qualit\u00e9 au coeur de notre mission afin de r\u00e9pondre aux besoins des clients commerciaux et particuliers les plus exigeants. Nous offrons une gamme compl\u00e8te de services, incluant le rev\u00eatement c\u00e9ramique ainsi que la r\u00e9paration et le redressement de roues. Notre savoir-faire s&rsquo;\u00e9tend \u00e9galement au nettoyage au jet de [&hellip;]<\/p>\n","protected":false},"author":1,"featured_media":0,"parent":0,"menu_order":0,"comment_status":"closed","ping_status":"closed","template":"","meta":{"footnotes":""},"class_list":["post-13","page","type-page","status-publish","hentry"],"_links":{"self":[{"href":"https:\/\/ateliertfm.com\/index.php?rest_route=\/wp\/v2\/pages\/13","targetHints":{"allow":["GET"]}}],"collection":[{"href":"https:\/\/ateliertfm.com\/index.php?rest_route=\/wp\/v2\/pages"}],"about":[{"href":"https:\/\/ateliertfm.com\/index.php?rest_route=\/wp\/v2\/types\/page"}],"author":[{"embeddable":true,"href":"https:\/\/ateliertfm.com\/index.php?rest_route=\/wp\/v2\/users\/1"}],"replies":[{"embeddable":true,"href":"https:\/\/ateliertfm.com\/index.php?rest_route=%2Fwp%2Fv2%2Fcomments&post=13"}],"version-history":[{"count":11,"href":"https:\/\/ateliertfm.com\/index.php?rest_route=\/wp\/v2\/pages\/13\/revisions"}],"predecessor-version":[{"id":46,"href":"https:\/\/ateliertfm.com\/index.php?rest_route=\/wp\/v2\/pages\/13\/revisions\/46"}],"wp:attachment":[{"href":"https:\/\/ateliertfm.com\/index.php?rest_route=%2Fwp%2Fv2%2Fmedia&parent=13"}],"curies":[{"name":"wp","href":"https:\/\/api.w.org\/{rel}","templated":true}]}}